{"id":39,"date":"2015-07-17T13:31:25","date_gmt":"2015-07-17T11:31:25","guid":{"rendered":"http:\/\/7tech.at\/?page_id=39"},"modified":"2019-05-08T22:35:39","modified_gmt":"2019-05-08T20:35:39","slug":"personen","status":"publish","type":"page","link":"https:\/\/7tech.at\/en\/personen\/","title":{"rendered":"Team"},"content":{"rendered":"<div class=\"wpb-content-wrapper\"><p>[vc_row][vc_column width=&#8221;1\/4&#8243;][vc_single_image image=&#8221;365&#8243; img_size=&#8221;full&#8221; alignment=&#8221;center&#8221;][\/vc_column][vc_column width=&#8221;3\/4&#8243;][vc_column_text]<\/p>\n<p style=\"text-align: justify;\"><span id=\"result_box\" class=\"\" lang=\"en\"><span title=\"Christoph Schlegel ist Gr\u00fcnder und Gesch\u00e4ftsf\u00fchrer der 7tech GmbH. \"><span style=\"text-decoration: underline;\"><strong>Christoph Schlegel<\/strong><\/span> is founder and CEO of 7tech GmbH.<br \/>\n<\/span><span title=\"Nach der HTL f\u00fcr Maschinenbau und dem Studium an der TU-Wien mit Schwerpunkt auf der Finite Elemente (FE) Simulation standen 6 Jahre als Berechnungs-Ingenieur und Projektleiter bei der MAN Nutzfahrzeuge \u00d6sterreich AG.\">After the middle school for mechanical engineering and the studies at the <strong>Vienna University of Technology<\/strong> focusing on the Finite Element (FE) simulation were 6 years as calculation engineer and project manager at <strong>MAN Nutzfahrzeuge AG<\/strong> Austria. <\/span><span title=\"Er hat dort am Standort die Methode der FE-Simulation aufgebaut und etabliert. \">There he built and established the method of finite element simulation at the site.<br \/>\n<\/span><span title=\"2006 wechselte er zur CADFEM (Austria) GmbH, war dort Leiter der Auftragsberechnung und zuletzt Leiter der gesamten Technik (Auftragsberechung, Seminare, Support).\">He moved to <strong>CADFEM (Austria) GmbH<\/strong> in 2006, was there head of the order calculation and last head of the entire equipment (odercalculation, seminars, support). <\/span><span title=\"CADFEM ist Channel Partner von ANSYS - dem Weltmarktf\u00fchrer f\u00fcr CEA-Simulationssoftware - und betreut im deutschsprachigen Raum gemeinsam mit ANSYS Germany alle ANSYS-Anwender. \">CADFEM is Channel Partner of ANSYS &#8211; the world leader in CEA simulation software &#8211; and coaches, together with ANSYS Germany,\u00a0all ANSYS users in the German-speaking countries.<br \/>\n<\/span><span title=\"Mit der Gr\u00fcndung der 7tech GmbH im Fr\u00fchjahr 2015 folgte der Schritt in die Selbstst\u00e4ndigkeit.\">The establishment of <strong>7tech GmbH<\/strong> in spring 2015, was the step to independency. <\/span><span title=\"Christoph Schlegel bringt \u00fcber 15 Jahre Erfahrung in der HighEnd-FE-Simulation mit.\">Christoph Schlegel brings over 15 years of experience in the high-end FE simulation. H<\/span><span title=\"Durch unz\u00e4hlige knifflige Aufgabenstellungen hat er sich eine hohe Probleml\u00f6sungskompetenz angeeignet und hat einen sehr breiten Erfahrungsschatz aus vielen Bereichen der Industrie und der numerischen Simulationsdisziplinen\">e has acquired a high problem-solving skill through countless tricky tasks and has a very wide range of experience in many areas of industry and the numerical simulation disciplines<\/span><\/span>.<\/p>\n<p style=\"text-align: justify;\"><a href=\"https:\/\/www.xing.com\/profile\/Christoph_Schlegel9\" target=\"_blank\" rel=\"noopener noreferrer\"><img loading=\"lazy\" decoding=\"async\" class=\"alignnone size-full wp-image-250\" src=\"http:\/\/7tech.at\/wp-content\/uploads\/2015\/09\/Xing_logo.png\" alt=\"Xing_logo\" width=\"63\" height=\"25\" \/><\/a> \u00a0 \u00a0 <a href=\"https:\/\/at.linkedin.com\/pub\/christoph-schlegel\/101\/526\/81b\" target=\"_blank\" rel=\"noopener noreferrer\"><img loading=\"lazy\" decoding=\"async\" class=\"alignnone size-full wp-image-249\" src=\"http:\/\/7tech.at\/wp-content\/uploads\/2015\/09\/Logo-2C-20px-TM.png\" alt=\"Logo-2C-20px-TM\" width=\"81\" height=\"20\" \/><\/a>\u00a0 <a href=\"mailto:christoph.schlegel@7tech.at\">christoph.schlegel@7tech.at<\/a><\/p>\n<p>[\/vc_column_text][\/vc_column][\/vc_row][vc_row][vc_column width=&#8221;1\/4&#8243;][vc_single_image image=&#8221;359&#8243; img_size=&#8221;full&#8221;][vc_btn title=&#8221;more details about Bernhard Hoessl&#8221; size=&#8221;sm&#8221; link=&#8221;url:http%3A%2F%2F7tech.at%2Fdetails-bernhard-hoessl%2F|||&#8221;][\/vc_column][vc_column width=&#8221;3\/4&#8243;][vc_column_text]<strong><u>Dipl.-Ing. Dr. techn. Bernhard H\u00f6\u00dfl<\/u><\/strong> is Senior Engineer and FEM Specialist at 7tech GmbH.<\/p>\n<p>After\u00a0employment at <strong>BMW AG<\/strong> in Munich and\u00a0<strong>Audi AG<\/strong> in Ingolstadt\u00a0he returned 2003 to TU-Vienna\u00a0 to work on his dissertation on bionics.\u00a0After completing his Ph.D. degree, he followed the call to <strong>CADFEM (Austria) GmbH<\/strong> in 2007, where he successfully managed the service division from 2009 onwards.\u00a0In 2014 he took the opportunity to work again in the field of automotive construction at <strong>Rheinmetall MAN Military Vehicles (RMMV)<\/strong> in Vienna. During this time he contributed significantly to the expansion of FEM at RMMV.\u00a0Since 2017 he has been working at 7tech GmbH. The special experience of Bernhard H\u00f6\u00dfl is based on many years of experience with different calculation methods from the direct use as well as from seminars and support. In addition, he knows the needs of both parties, both the service provider and the client.<br \/>\nIn the years 2008 to 2012 he was also guest lecturer at the <strong>University of Applied Sciences Wiener Neustadt<\/strong> and <strong>University of Applied Sciences Vienna<\/strong>, respectively lecturer at <strong>FH Joanneum in Graz<\/strong> on the subject of FEM.<\/p>\n<p><a href=\"https:\/\/www.xing.com\/profile\/Bernhard_Hoessl?sc_o=mxb_p\" target=\"_blank\" rel=\"noopener noreferrer\"><img loading=\"lazy\" decoding=\"async\" class=\"alignnone wp-image-250 size-full\" src=\"http:\/\/7tech.at\/wp-content\/uploads\/2015\/09\/Xing_logo.png\" alt=\"Xing_logo\" width=\"63\" height=\"25\" \/><\/a> \u00a0 \u00a0 <a href=\"https:\/\/www.linkedin.com\/in\/bernhard-h%C3%B6%C3%9Fl-a85ba27a\/\" target=\"_blank\" rel=\"noopener noreferrer\"><img loading=\"lazy\" decoding=\"async\" class=\"alignnone wp-image-249 size-full\" src=\"http:\/\/7tech.at\/wp-content\/uploads\/2015\/09\/Logo-2C-20px-TM.png\" alt=\"Logo-2C-20px-TM\" width=\"81\" height=\"20\" \/><\/a>\u00a0 <a href=\"mailto:bernhard.hoessl@7tech.at\">bernhard.hoessl@7tech.at<\/a>[\/vc_column_text][\/vc_column][\/vc_row][vc_row][vc_column width=&#8221;1\/4&#8243;][vc_single_image image=&#8221;413&#8243; img_size=&#8221;full&#8221;][\/vc_column][vc_column width=&#8221;3\/4&#8243;][vc_column_text]<strong><u>Dipl.-Ing. Szilveszter Palla<\/u><\/strong>\u00a0is\u00a0Senior Engineer\u00a0at\u00a07tech GmbH.\u00a0He is\u00a0an FEM specialist for\u00a0structural dynamics,\u00a0PSD analysis, machine acoustics and fatigue assessments.<\/p>\n<p style=\"text-align: justify;\">After studying mechanical engineering at the Technical University of Budapest and a professional internship at Knorr-Bremse GmbH, he worked for CAMilleon GmbH in Budapest for three years and then spent two years with<em><strong> Robert Bosch<\/strong> Elektronik GmbH<\/em> in Hungary. There he was head of a 30-person team in series production. He then became head of the construction department at SC-TEC GmbH for an automotive customer in Graz, Austria.\u00a0From 2009 to 2012 he was a project and FEM calculation engineer at <em><strong>Sirocco<\/strong> Luft und Umwelttechnik GmbH<\/em> in Vienna and then spent six years at\u00a0<em><strong>Kiepe Electric<\/strong> GmbH<\/em> (formerly Vossloh-Kiepe GmbH). There he was Team Leader of the department &#8220;Mechanical Design &amp; Calculation&#8221; with 9 employees.<\/p>\n<p style=\"text-align: justify;\">He has acquired extensive knowledge in CAE simulation, especially in the field of dynamic and vibration analysis and has also got much experience with rail vehicle evaluation guidelines.<\/p>\n<p style=\"text-align: justify;\"><a href=\"https:\/\/www.xing.com\/profile\/Szilveszter_Palla\/cv\" target=\"_blank\" rel=\"noopener noreferrer\"><img loading=\"lazy\" decoding=\"async\" class=\"alignnone wp-image-250 size-full\" src=\"http:\/\/7tech.at\/wp-content\/uploads\/2015\/09\/Xing_logo.png\" alt=\"Xing_logo\" width=\"63\" height=\"25\" \/><\/a> \u00a0 \u00a0 <a href=\"https:\/\/www.linkedin.com\/in\/szilveszter-palla-29123926\/\" target=\"_blank\" rel=\"noopener noreferrer\"><img loading=\"lazy\" decoding=\"async\" class=\"alignnone wp-image-249 size-full\" src=\"http:\/\/7tech.at\/wp-content\/uploads\/2015\/09\/Logo-2C-20px-TM.png\" alt=\"Logo-2C-20px-TM\" width=\"81\" height=\"20\" \/><\/a>\u00a0 <a href=\"mailto:szilveszter.palla@7tech.at\">szilveszter.palla@7tech.at<\/a><\/p>\n<p>[\/vc_column_text][\/vc_column][\/vc_row][vc_row][vc_column width=&#8221;1\/4&#8243;][vc_single_image image=&#8221;568&#8243; img_size=&#8221;full&#8221;][\/vc_column][vc_column width=&#8221;3\/4&#8243;][vc_column_text]<span style=\"text-decoration: underline;\"><strong>Dr. Zoltan Kocsis, M.Sc.<\/strong><\/span>\u00a0is Senior Engineer at 7tech GmbH. He is a FEA specialist with more than 14 years of experience in structural mechanics, fatigue assessments and much more and has profound know-how in the field of plastics technology.<br \/>\nHe completed his PhD in the field of Plastics and Composites at the <strong>Technical University of Budapest<\/strong> and was employed at there for 4 years. Afterwards he worked for 10 years at <strong>CADFEM (Austria) GmbH<\/strong> as an FEA engeneer at consulting and service &#8211; the last 4 years as head of consulting.<\/p>\n<p style=\"text-align: justify;\"><a href=\"https:\/\/www.xing.com\/profile\/Zoltan_Kocsis9\/cv\" target=\"_blank\" rel=\"noopener noreferrer\"><img loading=\"lazy\" decoding=\"async\" class=\"alignnone wp-image-250 size-full\" src=\"http:\/\/7tech.at\/wp-content\/uploads\/2015\/09\/Xing_logo.png\" alt=\"Xing_logo\" width=\"63\" height=\"25\" \/><\/a>\u00a0\u00a0<u><a href=\"mailto:zoltan.kocsis@7tech.at\">zoltan.kocsis@7tech.at<\/a><\/u><\/p>\n<p>[\/vc_column_text][\/vc_column][\/vc_row][vc_row][vc_column width=&#8221;1\/4&#8243;][vc_single_image image=&#8221;397&#8243; img_size=&#8221;full&#8221;][\/vc_column][vc_column width=&#8221;3\/4&#8243;][vc_column_text]<\/p>\n<p style=\"text-align: justify;\"><span style=\"text-decoration: underline;\"><strong>David Mischling<\/strong><\/span> supports the 7tech team in programming tasks in ANSYS ACT. He completed the <em>Higher Technical Teaching Institute for Electronics and Technical Informatics<\/em> in Hollabrunn (Lower Austria). Previously he gathered work experience at <em>EGSTON System Electronic GmbH<\/em> and at the company <em>EVN<\/em>. He is currently studying at the Technikum Vienna.<\/p>\n<p style=\"text-align: justify;\"><a href=\"https:\/\/www.xing.com\/profile\/David_Mischling\" target=\"_blank\" rel=\"noopener noreferrer\"><img loading=\"lazy\" decoding=\"async\" class=\"alignnone wp-image-250 size-full\" src=\"http:\/\/7tech.at\/wp-content\/uploads\/2015\/09\/Xing_logo.png\" alt=\"Xing_logo\" width=\"63\" height=\"25\" \/><\/a><\/p>\n<p>[\/vc_column_text][\/vc_column][\/vc_row]<\/p>\n<\/div>","protected":false},"excerpt":{"rendered":"<p>[vc_row][vc_column width=&#8221;1\/4&#8243;][vc_single_image image=&#8221;365&#8243; img_size=&#8221;full&#8221; alignment=&#8221;center&#8221;][\/vc_column][vc_column width=&#8221;3\/4&#8243;][vc_column_text] Christoph Schlegel is founder and CEO of 7tech GmbH. After the middle school for mechanical engineering and the studies at the Vienna University of Technology focusing on the Finite Element (FE) simulation were 6 years as calculation engineer and project manager at MAN Nutzfahrzeuge AG Austria. There he built&hellip;<\/p>\n","protected":false},"author":1,"featured_media":0,"parent":0,"menu_order":0,"comment_status":"closed","ping_status":"closed","template":"","meta":{"footnotes":""},"class_list":["post-39","page","type-page","status-publish","hentry","description-off"],"yoast_head":"<!-- This site is optimized with the Yoast SEO plugin v26.8 - https:\/\/yoast.com\/product\/yoast-seo-wordpress\/ -->\n<title>7tech GmbH \u2013 Unser Team<\/title>\n<meta name=\"description\" content=\"Das Team der 7tech GmbH verf\u00fcgt \u00fcber langj\u00e4hrige Erfahrungen in CAE Simulation und Finite Elemente Methoden (FEM).\" \/>\n<meta name=\"robots\" content=\"index, follow, max-snippet:-1, max-image-preview:large, max-video-preview:-1\" \/>\n<link rel=\"canonical\" href=\"https:\/\/7tech.at\/personen\/\" \/>\n<meta property=\"og:locale\" content=\"en_US\" \/>\n<meta property=\"og:type\" content=\"article\" \/>\n<meta property=\"og:title\" content=\"7tech GmbH \u2013 Unser Team\" \/>\n<meta property=\"og:description\" content=\"Das Team der 7tech GmbH verf\u00fcgt \u00fcber langj\u00e4hrige Erfahrungen in CAE Simulation und Finite Elemente Methoden (FEM).\" \/>\n<meta property=\"og:url\" content=\"https:\/\/7tech.at\/personen\/\" \/>\n<meta property=\"og:site_name\" content=\"7tech GmbH\" \/>\n<meta property=\"article:modified_time\" content=\"2019-05-08T20:35:39+00:00\" \/>\n<meta property=\"og:image\" content=\"http:\/\/7tech.at\/wp-content\/uploads\/2015\/09\/Xing_logo.png\" \/>\n<meta name=\"twitter:card\" content=\"summary_large_image\" \/>\n<meta name=\"twitter:label1\" content=\"Est. reading time\" \/>\n\t<meta name=\"twitter:data1\" content=\"9 minutes\" \/>\n<script type=\"application\/ld+json\" class=\"yoast-schema-graph\">{\"@context\":\"https:\/\/schema.org\",\"@graph\":[{\"@type\":\"WebPage\",\"@id\":\"https:\/\/7tech.at\/personen\/\",\"url\":\"https:\/\/7tech.at\/personen\/\",\"name\":\"7tech GmbH \u2013 Unser Team\",\"isPartOf\":{\"@id\":\"https:\/\/7tech.at\/#website\"},\"primaryImageOfPage\":{\"@id\":\"https:\/\/7tech.at\/personen\/#primaryimage\"},\"image\":{\"@id\":\"https:\/\/7tech.at\/personen\/#primaryimage\"},\"thumbnailUrl\":\"http:\/\/7tech.at\/wp-content\/uploads\/2015\/09\/Xing_logo.png\",\"datePublished\":\"2015-07-17T11:31:25+00:00\",\"dateModified\":\"2019-05-08T20:35:39+00:00\",\"description\":\"Das Team der 7tech GmbH verf\u00fcgt \u00fcber langj\u00e4hrige Erfahrungen in CAE Simulation und Finite Elemente Methoden (FEM).\",\"breadcrumb\":{\"@id\":\"https:\/\/7tech.at\/personen\/#breadcrumb\"},\"inLanguage\":\"en-US\",\"potentialAction\":[{\"@type\":\"ReadAction\",\"target\":[\"https:\/\/7tech.at\/personen\/\"]}]},{\"@type\":\"ImageObject\",\"inLanguage\":\"en-US\",\"@id\":\"https:\/\/7tech.at\/personen\/#primaryimage\",\"url\":\"http:\/\/7tech.at\/wp-content\/uploads\/2015\/09\/Xing_logo.png\",\"contentUrl\":\"http:\/\/7tech.at\/wp-content\/uploads\/2015\/09\/Xing_logo.png\"},{\"@type\":\"BreadcrumbList\",\"@id\":\"https:\/\/7tech.at\/personen\/#breadcrumb\",\"itemListElement\":[{\"@type\":\"ListItem\",\"position\":1,\"name\":\"Startseite\",\"item\":\"https:\/\/7tech.at\/\"},{\"@type\":\"ListItem\",\"position\":2,\"name\":\"Team\"}]},{\"@type\":\"WebSite\",\"@id\":\"https:\/\/7tech.at\/#website\",\"url\":\"https:\/\/7tech.at\/\",\"name\":\"7tech GmbH\",\"description\":\"Finite Elemente Simulation in ANSYS\",\"potentialAction\":[{\"@type\":\"SearchAction\",\"target\":{\"@type\":\"EntryPoint\",\"urlTemplate\":\"https:\/\/7tech.at\/?s={search_term_string}\"},\"query-input\":{\"@type\":\"PropertyValueSpecification\",\"valueRequired\":true,\"valueName\":\"search_term_string\"}}],\"inLanguage\":\"en-US\"}]}<\/script>\n<!-- \/ Yoast SEO plugin. -->","yoast_head_json":{"title":"7tech GmbH \u2013 Unser Team","description":"Das Team der 7tech GmbH verf\u00fcgt \u00fcber langj\u00e4hrige Erfahrungen in CAE Simulation und Finite Elemente Methoden (FEM).","robots":{"index":"index","follow":"follow","max-snippet":"max-snippet:-1","max-image-preview":"max-image-preview:large","max-video-preview":"max-video-preview:-1"},"canonical":"https:\/\/7tech.at\/personen\/","og_locale":"en_US","og_type":"article","og_title":"7tech GmbH \u2013 Unser Team","og_description":"Das Team der 7tech GmbH verf\u00fcgt \u00fcber langj\u00e4hrige Erfahrungen in CAE Simulation und Finite Elemente Methoden (FEM).","og_url":"https:\/\/7tech.at\/personen\/","og_site_name":"7tech GmbH","article_modified_time":"2019-05-08T20:35:39+00:00","og_image":[{"url":"http:\/\/7tech.at\/wp-content\/uploads\/2015\/09\/Xing_logo.png","type":"","width":"","height":""}],"twitter_card":"summary_large_image","twitter_misc":{"Est. reading time":"9 minutes"},"schema":{"@context":"https:\/\/schema.org","@graph":[{"@type":"WebPage","@id":"https:\/\/7tech.at\/personen\/","url":"https:\/\/7tech.at\/personen\/","name":"7tech GmbH \u2013 Unser Team","isPartOf":{"@id":"https:\/\/7tech.at\/#website"},"primaryImageOfPage":{"@id":"https:\/\/7tech.at\/personen\/#primaryimage"},"image":{"@id":"https:\/\/7tech.at\/personen\/#primaryimage"},"thumbnailUrl":"http:\/\/7tech.at\/wp-content\/uploads\/2015\/09\/Xing_logo.png","datePublished":"2015-07-17T11:31:25+00:00","dateModified":"2019-05-08T20:35:39+00:00","description":"Das Team der 7tech GmbH verf\u00fcgt \u00fcber langj\u00e4hrige Erfahrungen in CAE Simulation und Finite Elemente Methoden (FEM).","breadcrumb":{"@id":"https:\/\/7tech.at\/personen\/#breadcrumb"},"inLanguage":"en-US","potentialAction":[{"@type":"ReadAction","target":["https:\/\/7tech.at\/personen\/"]}]},{"@type":"ImageObject","inLanguage":"en-US","@id":"https:\/\/7tech.at\/personen\/#primaryimage","url":"http:\/\/7tech.at\/wp-content\/uploads\/2015\/09\/Xing_logo.png","contentUrl":"http:\/\/7tech.at\/wp-content\/uploads\/2015\/09\/Xing_logo.png"},{"@type":"BreadcrumbList","@id":"https:\/\/7tech.at\/personen\/#breadcrumb","itemListElement":[{"@type":"ListItem","position":1,"name":"Startseite","item":"https:\/\/7tech.at\/"},{"@type":"ListItem","position":2,"name":"Team"}]},{"@type":"WebSite","@id":"https:\/\/7tech.at\/#website","url":"https:\/\/7tech.at\/","name":"7tech GmbH","description":"Finite Elemente Simulation in ANSYS","potentialAction":[{"@type":"SearchAction","target":{"@type":"EntryPoint","urlTemplate":"https:\/\/7tech.at\/?s={search_term_string}"},"query-input":{"@type":"PropertyValueSpecification","valueRequired":true,"valueName":"search_term_string"}}],"inLanguage":"en-US"}]}},"_links":{"self":[{"href":"https:\/\/7tech.at\/en\/wp-json\/wp\/v2\/pages\/39","targetHints":{"allow":["GET"]}}],"collection":[{"href":"https:\/\/7tech.at\/en\/wp-json\/wp\/v2\/pages"}],"about":[{"href":"https:\/\/7tech.at\/en\/wp-json\/wp\/v2\/types\/page"}],"author":[{"embeddable":true,"href":"https:\/\/7tech.at\/en\/wp-json\/wp\/v2\/users\/1"}],"replies":[{"embeddable":true,"href":"https:\/\/7tech.at\/en\/wp-json\/wp\/v2\/comments?post=39"}],"version-history":[{"count":84,"href":"https:\/\/7tech.at\/en\/wp-json\/wp\/v2\/pages\/39\/revisions"}],"predecessor-version":[{"id":579,"href":"https:\/\/7tech.at\/en\/wp-json\/wp\/v2\/pages\/39\/revisions\/579"}],"wp:attachment":[{"href":"https:\/\/7tech.at\/en\/wp-json\/wp\/v2\/media?parent=39"}],"curies":[{"name":"wp","href":"https:\/\/api.w.org\/{rel}","templated":true}]}}