{"id":8,"date":"2015-07-16T10:32:02","date_gmt":"2015-07-16T08:32:02","guid":{"rendered":"http:\/\/7tech.at\/?page_id=8"},"modified":"2019-05-08T22:37:48","modified_gmt":"2019-05-08T20:37:48","slug":"firmenprofil","status":"publish","type":"page","link":"https:\/\/7tech.at\/en\/firmenprofil\/","title":{"rendered":"Company profile"},"content":{"rendered":"<div class=\"wpb-content-wrapper\"><p>[vc_row][vc_column][vc_column_text]<\/p>\n<h1>Firmenprofil<\/h1>\n<p>7tech ist ein Ingenieurb\u00fcro mit Spezialisierung auf numerische Simulationen mit den Top-Softwareprodukten der ANSYS-Familie und LS-Dyna. Neben allgemeinen Simulationsthemen liegt der Schwerpunkt auf der Finite Elemente Methode (FEM).<br \/>\nWir f\u00fchren Berechnungen und Analysen im Auftrag f\u00fcr Sie durch und liefern neben fundierten Ergebnisbewertungen auch weiterf\u00fchrende Beratung wie Produkte tragf\u00e4higer, leichter und langlebiger gestaltet werden k\u00f6nnen. Modernste Simulations-Technologien, umfangreiches Fachwissen und langj\u00e4hrige Erfahrung erlauben es uns, auch sehr komplexe Simulationsaufgaben durchzuf\u00fchren.<\/p>\n<h2>Folgende Leistungen und Analysemethoden werden angeboten:<\/h2>\n<ul>\n<li>Strukturmechanik linear und nichtlinear (zB. Materialplastizit\u00e4t, Hyperelastizit\u00e4t, komplexe Kontaktsituationen, &#8220;gro\u00dfe&#8221; Verschiebungen, &#8230;)<\/li>\n<li>Dynamik-Analysen: modal, harmonisch, transient, PSD, Erdbeben, &#8230;<\/li>\n<li>&#8220;implizite&#8221; Analysen mit ANSYS oder &#8220;explizite&#8221; Analysen mit LS-Dyna<\/li>\n<li>Automatisierung von Simulationsprozessen mittels Programmierung in ANSYS-APDL und ANSYS-ACT<\/li>\n<li>Festigkeitsbewertungen nach verschiedensten Regelwerken wie zB. FKM-Richtlinie, IIW, VDI, Kranbau EN13001, &#8230;<\/li>\n<li>Anlysen und Bewertungen nach Schienenfahrzeug-Regelwerken (EN12663, IEC61373, DVS, &#8230;)<\/li>\n<li>Druckbeh\u00e4lterauslegungen (EN13445, AD2000, ASME, &#8230;)<\/li>\n<li>Schadensursachenuntersuchung und -behebungsm\u00f6glichkeiten<\/li>\n<li>Beratung in allen Fragen der numerischen Simulation<\/li>\n<\/ul>\n<p>Der Name <strong>7tech<\/strong> (gesprochen [Simtech]) ist eine Anlehnung an die beiden Begriffe \u201e<em>Simulation<\/em>\u201c und \u201e<em>Technology<\/em>\u201c. Die Zahl Sieben wird in \u00d6sterreich oft einfach [sim] ausgesprochen \u2013 daraus ist der Name 7tech entstanden.[\/vc_column_text][\/vc_column][\/vc_row]<\/p>\n<\/div>","protected":false},"excerpt":{"rendered":"<p>[vc_row][vc_column][vc_column_text] Firmenprofil 7tech ist ein Ingenieurb\u00fcro mit Spezialisierung auf numerische Simulationen mit den Top-Softwareprodukten der ANSYS-Familie und LS-Dyna. Neben allgemeinen Simulationsthemen liegt der Schwerpunkt auf der Finite Elemente Methode (FEM). Wir f\u00fchren Berechnungen und Analysen im Auftrag f\u00fcr Sie durch und liefern neben fundierten Ergebnisbewertungen auch weiterf\u00fchrende Beratung wie Produkte tragf\u00e4higer, leichter und langlebiger gestaltet&hellip;<\/p>\n","protected":false},"author":1,"featured_media":0,"parent":0,"menu_order":0,"comment_status":"closed","ping_status":"closed","template":"","meta":{"footnotes":""},"class_list":["post-8","page","type-page","status-publish","hentry","description-off"],"yoast_head":"<!-- This site is optimized with the Yoast SEO plugin v26.8 - https:\/\/yoast.com\/product\/yoast-seo-wordpress\/ -->\n<title>7tech GmbH \u2013 Das Ingenieurb\u00fcro f\u00fcr CAE-Simulation und FEM<\/title>\n<meta name=\"description\" content=\"7tech GmbH bietet modernste Technologien, Fachwissen und langj\u00e4hrige Erfahrung im Bereich der Finite Elemente Simulationen.\" \/>\n<meta name=\"robots\" content=\"index, follow, max-snippet:-1, max-image-preview:large, max-video-preview:-1\" \/>\n<link rel=\"canonical\" href=\"https:\/\/7tech.at\/firmenprofil\/\" \/>\n<meta property=\"og:locale\" content=\"en_US\" \/>\n<meta property=\"og:type\" content=\"article\" \/>\n<meta property=\"og:title\" content=\"7tech GmbH \u2013 Das Ingenieurb\u00fcro f\u00fcr CAE-Simulation und FEM\" \/>\n<meta property=\"og:description\" content=\"7tech GmbH bietet modernste Technologien, Fachwissen und langj\u00e4hrige Erfahrung im Bereich der Finite Elemente Simulationen.\" \/>\n<meta property=\"og:url\" content=\"https:\/\/7tech.at\/firmenprofil\/\" \/>\n<meta property=\"og:site_name\" content=\"7tech GmbH\" \/>\n<meta property=\"article:modified_time\" content=\"2019-05-08T20:37:48+00:00\" \/>\n<meta name=\"twitter:card\" content=\"summary_large_image\" \/>\n<meta name=\"twitter:label1\" content=\"Est. reading time\" \/>\n\t<meta name=\"twitter:data1\" content=\"1 minute\" \/>\n<script type=\"application\/ld+json\" class=\"yoast-schema-graph\">{\"@context\":\"https:\/\/schema.org\",\"@graph\":[{\"@type\":\"WebPage\",\"@id\":\"https:\/\/7tech.at\/firmenprofil\/\",\"url\":\"https:\/\/7tech.at\/firmenprofil\/\",\"name\":\"7tech GmbH \u2013 Das Ingenieurb\u00fcro f\u00fcr CAE-Simulation und FEM\",\"isPartOf\":{\"@id\":\"https:\/\/7tech.at\/#website\"},\"datePublished\":\"2015-07-16T08:32:02+00:00\",\"dateModified\":\"2019-05-08T20:37:48+00:00\",\"description\":\"7tech GmbH bietet modernste Technologien, Fachwissen und langj\u00e4hrige Erfahrung im Bereich der Finite Elemente Simulationen.\",\"breadcrumb\":{\"@id\":\"https:\/\/7tech.at\/firmenprofil\/#breadcrumb\"},\"inLanguage\":\"en-US\",\"potentialAction\":[{\"@type\":\"ReadAction\",\"target\":[\"https:\/\/7tech.at\/firmenprofil\/\"]}]},{\"@type\":\"BreadcrumbList\",\"@id\":\"https:\/\/7tech.at\/firmenprofil\/#breadcrumb\",\"itemListElement\":[{\"@type\":\"ListItem\",\"position\":1,\"name\":\"Startseite\",\"item\":\"https:\/\/7tech.at\/\"},{\"@type\":\"ListItem\",\"position\":2,\"name\":\"Firmenprofil\"}]},{\"@type\":\"WebSite\",\"@id\":\"https:\/\/7tech.at\/#website\",\"url\":\"https:\/\/7tech.at\/\",\"name\":\"7tech GmbH\",\"description\":\"Finite Elemente Simulation in ANSYS\",\"potentialAction\":[{\"@type\":\"SearchAction\",\"target\":{\"@type\":\"EntryPoint\",\"urlTemplate\":\"https:\/\/7tech.at\/?s={search_term_string}\"},\"query-input\":{\"@type\":\"PropertyValueSpecification\",\"valueRequired\":true,\"valueName\":\"search_term_string\"}}],\"inLanguage\":\"en-US\"}]}<\/script>\n<!-- \/ Yoast SEO plugin. -->","yoast_head_json":{"title":"7tech GmbH \u2013 Das Ingenieurb\u00fcro f\u00fcr CAE-Simulation und FEM","description":"7tech GmbH bietet modernste Technologien, Fachwissen und langj\u00e4hrige Erfahrung im Bereich der Finite Elemente Simulationen.","robots":{"index":"index","follow":"follow","max-snippet":"max-snippet:-1","max-image-preview":"max-image-preview:large","max-video-preview":"max-video-preview:-1"},"canonical":"https:\/\/7tech.at\/firmenprofil\/","og_locale":"en_US","og_type":"article","og_title":"7tech GmbH \u2013 Das Ingenieurb\u00fcro f\u00fcr CAE-Simulation und FEM","og_description":"7tech GmbH bietet modernste Technologien, Fachwissen und langj\u00e4hrige Erfahrung im Bereich der Finite Elemente Simulationen.","og_url":"https:\/\/7tech.at\/firmenprofil\/","og_site_name":"7tech GmbH","article_modified_time":"2019-05-08T20:37:48+00:00","twitter_card":"summary_large_image","twitter_misc":{"Est. reading time":"1 minute"},"schema":{"@context":"https:\/\/schema.org","@graph":[{"@type":"WebPage","@id":"https:\/\/7tech.at\/firmenprofil\/","url":"https:\/\/7tech.at\/firmenprofil\/","name":"7tech GmbH \u2013 Das Ingenieurb\u00fcro f\u00fcr CAE-Simulation und FEM","isPartOf":{"@id":"https:\/\/7tech.at\/#website"},"datePublished":"2015-07-16T08:32:02+00:00","dateModified":"2019-05-08T20:37:48+00:00","description":"7tech GmbH bietet modernste Technologien, Fachwissen und langj\u00e4hrige Erfahrung im Bereich der Finite Elemente Simulationen.","breadcrumb":{"@id":"https:\/\/7tech.at\/firmenprofil\/#breadcrumb"},"inLanguage":"en-US","potentialAction":[{"@type":"ReadAction","target":["https:\/\/7tech.at\/firmenprofil\/"]}]},{"@type":"BreadcrumbList","@id":"https:\/\/7tech.at\/firmenprofil\/#breadcrumb","itemListElement":[{"@type":"ListItem","position":1,"name":"Startseite","item":"https:\/\/7tech.at\/"},{"@type":"ListItem","position":2,"name":"Firmenprofil"}]},{"@type":"WebSite","@id":"https:\/\/7tech.at\/#website","url":"https:\/\/7tech.at\/","name":"7tech GmbH","description":"Finite Elemente Simulation in ANSYS","potentialAction":[{"@type":"SearchAction","target":{"@type":"EntryPoint","urlTemplate":"https:\/\/7tech.at\/?s={search_term_string}"},"query-input":{"@type":"PropertyValueSpecification","valueRequired":true,"valueName":"search_term_string"}}],"inLanguage":"en-US"}]}},"_links":{"self":[{"href":"https:\/\/7tech.at\/en\/wp-json\/wp\/v2\/pages\/8","targetHints":{"allow":["GET"]}}],"collection":[{"href":"https:\/\/7tech.at\/en\/wp-json\/wp\/v2\/pages"}],"about":[{"href":"https:\/\/7tech.at\/en\/wp-json\/wp\/v2\/types\/page"}],"author":[{"embeddable":true,"href":"https:\/\/7tech.at\/en\/wp-json\/wp\/v2\/users\/1"}],"replies":[{"embeddable":true,"href":"https:\/\/7tech.at\/en\/wp-json\/wp\/v2\/comments?post=8"}],"version-history":[{"count":27,"href":"https:\/\/7tech.at\/en\/wp-json\/wp\/v2\/pages\/8\/revisions"}],"predecessor-version":[{"id":585,"href":"https:\/\/7tech.at\/en\/wp-json\/wp\/v2\/pages\/8\/revisions\/585"}],"wp:attachment":[{"href":"https:\/\/7tech.at\/en\/wp-json\/wp\/v2\/media?parent=8"}],"curies":[{"name":"wp","href":"https:\/\/api.w.org\/{rel}","templated":true}]}}